{"id":634,"date":"2016-09-24T09:12:21","date_gmt":"2016-09-24T07:12:21","guid":{"rendered":"http:\/\/iessanguesa.educacion.navarra.es\/web1\/?page_id=634"},"modified":"2022-05-23T11:53:32","modified_gmt":"2022-05-23T09:53:32","slug":"pas","status":"publish","type":"page","link":"https:\/\/iessanguesa.educacion.navarra.es\/web1\/pas\/","title":{"rendered":"PAS"},"content":{"rendered":"<p>El personal no docente que presta sus servicios en el Instituto es el siguiente:<\/p>\n<h1><a href=\"https:\/\/docs.google.com\/document\/d\/1W73A3rtH92HluWUzuPaQ2Ew_xn7xiKj9N-R3FJaZKP8\/edit?usp=sharing\" target=\"_blank\" rel=\"noopener\"><strong>Administraci\u00f3n<\/strong><\/a><\/h1>\n<p>Alberto Salinas Alcalde<br \/>\nM\u00aa Sol Zaratiegui Arilla sust. por Mikel Gorr\u00e1iz Artieda<\/p>\n<h1><a href=\"https:\/\/docs.google.com\/document\/d\/1JvbDPdnSciFh2mrzqLVoP7SMKeqfAlTME5Jgnagv8t0\/edit?usp=sharing\" target=\"_blank\" rel=\"noopener\"><strong>Conserjer\u00eda<\/strong><\/a><\/h1>\n<p>Maribel Aguas sust. por Luis Go\u00f1i<br \/>\nAlejandro Carro<\/p>\n<h1><strong><a href=\"https:\/\/docs.google.com\/document\/d\/1eU4x78aRFZDt9xgmLlSdr6vW1MR961S567vEOJRzn1M\/edit?usp=sharing\" target=\"_blank\" rel=\"noopener\">Servicio de mantenimiento<\/a><br \/>\n<\/strong><\/h1>\n<p>Mikel Larrea<\/p>\n<h1><a href=\"https:\/\/docs.google.com\/document\/d\/1KMqXLw_b_vLLZ2eSKvdDvTJp-2rcMYA1iK60xtVQRPI\/edit?usp=sharing\" target=\"_blank\" rel=\"noopener\"><strong>Limpieza<\/strong><\/a><\/h1>\n<p>Jos\u00e9 Antonio Aristu<br \/>\nIdoia Dome\u00f1o Recalde<br \/>\nEster Usoz Ripa<br \/>\nHelem C\u00f3rdova Revetti<br \/>\nMirem Fern\u00e1ndez Ripa<\/p>\n","protected":false},"excerpt":{"rendered":"<p>El personal no docente que presta sus servicios en el Instituto es el siguiente: Administraci\u00f3n Alberto Salinas Alcalde M\u00aa Sol Zaratiegui Arilla sust. por Mikel Gorr\u00e1iz Artieda Conserjer\u00eda Maribel Aguas sust. por Luis Go\u00f1i Alejandro Carro Servicio de mantenimiento Mikel Larrea Limpieza Jos\u00e9 Antonio Aristu Idoia Dome\u00f1o Recalde Ester Usoz Ripa Helem C\u00f3rdova Revetti Mirem [&hellip;]<\/p>\n","protected":false},"author":1,"featured_media":0,"parent":0,"menu_order":0,"comment_status":"closed","ping_status":"closed","template":"","meta":{"_genesis_hide_title":false,"_genesis_hide_breadcrumbs":false,"_genesis_hide_singular_image":false,"_genesis_hide_footer_widgets":false,"_genesis_custom_body_class":"","_genesis_custom_post_class":"","_genesis_layout":""},"_links":{"self":[{"href":"https:\/\/iessanguesa.educacion.navarra.es\/web1\/wp-json\/wp\/v2\/pages\/634"}],"collection":[{"href":"https:\/\/iessanguesa.educacion.navarra.es\/web1\/wp-json\/wp\/v2\/pages"}],"about":[{"href":"https:\/\/iessanguesa.educacion.navarra.es\/web1\/wp-json\/wp\/v2\/types\/page"}],"author":[{"embeddable":true,"href":"https:\/\/iessanguesa.educacion.navarra.es\/web1\/wp-json\/wp\/v2\/users\/1"}],"replies":[{"embeddable":true,"href":"https:\/\/iessanguesa.educacion.navarra.es\/web1\/wp-json\/wp\/v2\/comments?post=634"}],"version-history":[{"count":22,"href":"https:\/\/iessanguesa.educacion.navarra.es\/web1\/wp-json\/wp\/v2\/pages\/634\/revisions"}],"predecessor-version":[{"id":4309,"href":"https:\/\/iessanguesa.educacion.navarra.es\/web1\/wp-json\/wp\/v2\/pages\/634\/revisions\/4309"}],"wp:attachment":[{"href":"https:\/\/iessanguesa.educacion.navarra.es\/web1\/wp-json\/wp\/v2\/media?parent=634"}],"curies":[{"name":"wp","href":"https:\/\/api.w.org\/{rel}","templated":true}]}}