{"id":632,"date":"2016-09-24T09:11:49","date_gmt":"2016-09-24T07:11:49","guid":{"rendered":"http:\/\/iessanguesa.educacion.navarra.es\/web1\/?page_id=632"},"modified":"2022-05-23T11:48:53","modified_gmt":"2022-05-23T09:48:53","slug":"ccp","status":"publish","type":"page","link":"https:\/\/iessanguesa.educacion.navarra.es\/web1\/ccp\/","title":{"rendered":"CCP"},"content":{"rendered":"<p>La <strong>CCP <\/strong>del centro est\u00e1 integrada por\u00a0 los Jefes\/as de Departamento, el Director,\u00a0 el Jefe de Estudios y el Vicedirector del centro.<\/p>\n<p><strong>EQUIPO DIRECTIVO<\/strong><\/p>\n<h4><strong>DIRECTOR:\u00a0<\/strong>Sergio Larri\u00f3n Echarri<\/h4>\n<h4><strong>JEFE DE ESTUDIOS<\/strong>:\u00a0Fernando Su\u00e1rez Campal<\/h4>\n<h4><strong>VICEDIRECTOR<\/strong>:\u00a0Francisco Cobos Mu\u00f1oz<\/h4>\n<p><strong>JEFES\/AS DE LOS DEPARTAMENTOS DID\u00c1CTICOS<\/strong><\/p>\n<table border=\"1\" cellspacing=\"0\" cellpadding=\"0\">\n<tbody>\n<tr>\n<td valign=\"top\">\n<p align=\"center\">Ciencias Naturales<\/p>\n<\/td>\n<td valign=\"top\">\n<p align=\"center\">Miguel Mun\u00e1rriz Ruiz<\/p>\n<\/td>\n<\/tr>\n<tr>\n<td valign=\"top\">\n<p align=\"center\">Ciencias Sociales<\/p>\n<\/td>\n<td valign=\"top\">\n<p align=\"center\">Lourdes Legaristi<\/p>\n<\/td>\n<\/tr>\n<tr>\n<td valign=\"top\">\n<p align=\"center\">Matem\u00e1ticas<\/p>\n<\/td>\n<td valign=\"top\">\n<p align=\"center\">Beatriz Apestegu\u00eda Go\u00f1i<\/p>\n<\/td>\n<\/tr>\n<tr>\n<td valign=\"top\">\n<p align=\"center\">Econom\u00eda<\/p>\n<\/td>\n<td valign=\"top\">\n<p align=\"center\">Ferm\u00edn Fern\u00e1ndez<\/p>\n<\/td>\n<\/tr>\n<tr>\n<td valign=\"top\">\n<p align=\"center\">Lengua<\/p>\n<\/td>\n<td valign=\"top\">\n<p align=\"center\">Virginia Los Arcos<\/p>\n<\/td>\n<\/tr>\n<tr>\n<td valign=\"top\">\n<p align=\"center\">M\u00fasica<\/p>\n<\/td>\n<td valign=\"top\">\n<p align=\"center\">\u00c1lex Andreu sust.<\/p>\n<p align=\"center\">por Ana Corroza Senosiain<\/p>\n<\/td>\n<\/tr>\n<tr>\n<td valign=\"top\">\n<p align=\"center\">Lat\u00edn<\/p>\n<\/td>\n<td valign=\"top\">\n<p align=\"center\">Mar\u00eda Irisarri Quesada<\/p>\n<\/td>\n<\/tr>\n<tr>\n<td valign=\"top\">\n<p align=\"center\">Tecnolog\u00eda<\/p>\n<\/td>\n<td valign=\"top\">\n<p align=\"center\">Javier Bandr\u00e9s Larraz<\/p>\n<\/td>\n<\/tr>\n<tr>\n<td valign=\"top\">\n<p align=\"center\">Franc\u00e9s<\/p>\n<\/td>\n<td valign=\"top\">\n<p align=\"center\">Lourdes Luquin Luquin<\/p>\n<\/td>\n<\/tr>\n<tr>\n<td valign=\"top\">\n<p align=\"center\">Ingl\u00e9s<\/p>\n<\/td>\n<td valign=\"top\">\n<p align=\"center\">Leire Orduna<\/p>\n<\/td>\n<\/tr>\n<tr>\n<td valign=\"top\">\n<p align=\"center\">Educaci\u00f3n F\u00edsica<\/p>\n<\/td>\n<td valign=\"top\">\n<p align=\"center\">M\u00aa Pilar L\u00f3pez Monta\u00f1\u00e9s<\/p>\n<\/td>\n<\/tr>\n<tr>\n<td valign=\"top\">\n<p align=\"center\">Filosof\u00eda<\/p>\n<\/td>\n<td valign=\"top\">\n<p align=\"center\">M\u00aa Victoria Lumbier Echeverr\u00eda<\/p>\n<\/td>\n<\/tr>\n<tr>\n<td valign=\"top\">\n<p align=\"center\">Pl\u00e1stica<\/p>\n<\/td>\n<td valign=\"top\">\n<p align=\"center\"><span data-sheets-value=\"{&quot;1&quot;:2,&quot;2&quot;:&quot;Art\u00e1zcoz Mor\u00e1nt, Eva&quot;}\" data-sheets-userformat=\"{&quot;2&quot;:14722,&quot;4&quot;:[null,2,16777215],&quot;10&quot;:2,&quot;11&quot;:3,&quot;14&quot;:[null,2,0],&quot;15&quot;:&quot;calibri,arial,sans,sans-serif&quot;,&quot;16&quot;:11}\" data-sheets-ischild=\"\">Eva Art\u00e1zcoz Morant<\/span><\/p>\n<\/td>\n<\/tr>\n<tr>\n<td valign=\"top\">\n<p align=\"center\">Euskera<\/p>\n<\/td>\n<td valign=\"top\">\n<p align=\"center\">Rafael Blanco Arbe<\/p>\n<\/td>\n<\/tr>\n<tr>\n<td valign=\"top\">\n<p align=\"center\">F\u00edsica y Qu\u00edmica<\/p>\n<\/td>\n<td valign=\"top\">\n<p align=\"center\">Amaya Abenda\u00f1o Oiza<\/p>\n<\/td>\n<\/tr>\n<tr>\n<td valign=\"top\">\n<p align=\"center\">Orientaci\u00f3n<\/p>\n<\/td>\n<td valign=\"top\">\n<p align=\"center\">Rita Vidal<\/p>\n<\/td>\n<\/tr>\n<\/tbody>\n<\/table>\n","protected":false},"excerpt":{"rendered":"<p>La CCP del centro est\u00e1 integrada por\u00a0 los Jefes\/as de Departamento, el Director,\u00a0 el Jefe de Estudios y el Vicedirector del centro. EQUIPO DIRECTIVO DIRECTOR:\u00a0Sergio Larri\u00f3n Echarri JEFE DE ESTUDIOS:\u00a0Fernando Su\u00e1rez Campal VICEDIRECTOR:\u00a0Francisco Cobos Mu\u00f1oz JEFES\/AS DE LOS DEPARTAMENTOS DID\u00c1CTICOS Ciencias Naturales Miguel Mun\u00e1rriz Ruiz Ciencias Sociales Lourdes Legaristi Matem\u00e1ticas Beatriz Apestegu\u00eda Go\u00f1i Econom\u00eda Ferm\u00edn [&hellip;]<\/p>\n","protected":false},"author":1,"featured_media":0,"parent":0,"menu_order":0,"comment_status":"closed","ping_status":"closed","template":"","meta":{"_genesis_hide_title":false,"_genesis_hide_breadcrumbs":false,"_genesis_hide_singular_image":false,"_genesis_hide_footer_widgets":false,"_genesis_custom_body_class":"","_genesis_custom_post_class":"","_genesis_layout":""},"_links":{"self":[{"href":"https:\/\/iessanguesa.educacion.navarra.es\/web1\/wp-json\/wp\/v2\/pages\/632"}],"collection":[{"href":"https:\/\/iessanguesa.educacion.navarra.es\/web1\/wp-json\/wp\/v2\/pages"}],"about":[{"href":"https:\/\/iessanguesa.educacion.navarra.es\/web1\/wp-json\/wp\/v2\/types\/page"}],"author":[{"embeddable":true,"href":"https:\/\/iessanguesa.educacion.navarra.es\/web1\/wp-json\/wp\/v2\/users\/1"}],"replies":[{"embeddable":true,"href":"https:\/\/iessanguesa.educacion.navarra.es\/web1\/wp-json\/wp\/v2\/comments?post=632"}],"version-history":[{"count":19,"href":"https:\/\/iessanguesa.educacion.navarra.es\/web1\/wp-json\/wp\/v2\/pages\/632\/revisions"}],"predecessor-version":[{"id":4307,"href":"https:\/\/iessanguesa.educacion.navarra.es\/web1\/wp-json\/wp\/v2\/pages\/632\/revisions\/4307"}],"wp:attachment":[{"href":"https:\/\/iessanguesa.educacion.navarra.es\/web1\/wp-json\/wp\/v2\/media?parent=632"}],"curies":[{"name":"wp","href":"https:\/\/api.w.org\/{rel}","templated":true}]}}