{"id":4403,"date":"2022-09-29T09:46:27","date_gmt":"2022-09-29T07:46:27","guid":{"rendered":"https:\/\/iessanguesa.educacion.navarra.es\/web1\/?page_id=4403"},"modified":"2022-09-29T09:46:28","modified_gmt":"2022-09-29T07:46:28","slug":"protege-tu-identidad","status":"publish","type":"page","link":"https:\/\/iessanguesa.educacion.navarra.es\/web1\/protege-tu-identidad\/","title":{"rendered":"Protege tu identidad"},"content":{"rendered":"\n<p><a href=\"https:\/\/www.osi.es\/sites\/default\/files\/actualidad\/blog\/infografia-post-datos-personales-redes-sociales.png\" target=\"_blank\" rel=\"noreferrer noopener\">Aqu\u00ed tienes unos consejos  b\u00e1sicos para prevenir nuestra identidad anal\u00f3gica y digital.<\/a><\/p>\n\n\n\n<p><a href=\"https:\/\/www.osi.es\/es\" target=\"_blank\" rel=\"noreferrer noopener\">Clica en la Oficina de Seguridad del Internauta <\/a><\/p>\n\n\n\n<p><\/p>\n","protected":false},"excerpt":{"rendered":"<p>Aqu\u00ed tienes unos consejos b\u00e1sicos para prevenir nuestra identidad anal\u00f3gica y digital. Clica en la Oficina de Seguridad del Internauta<\/p>\n","protected":false},"author":1,"featured_media":0,"parent":0,"menu_order":0,"comment_status":"closed","ping_status":"closed","template":"","meta":{"_genesis_hide_title":false,"_genesis_hide_breadcrumbs":false,"_genesis_hide_singular_image":false,"_genesis_hide_footer_widgets":false,"_genesis_custom_body_class":"","_genesis_custom_post_class":"","_genesis_layout":""},"_links":{"self":[{"href":"https:\/\/iessanguesa.educacion.navarra.es\/web1\/wp-json\/wp\/v2\/pages\/4403"}],"collection":[{"href":"https:\/\/iessanguesa.educacion.navarra.es\/web1\/wp-json\/wp\/v2\/pages"}],"about":[{"href":"https:\/\/iessanguesa.educacion.navarra.es\/web1\/wp-json\/wp\/v2\/types\/page"}],"author":[{"embeddable":true,"href":"https:\/\/iessanguesa.educacion.navarra.es\/web1\/wp-json\/wp\/v2\/users\/1"}],"replies":[{"embeddable":true,"href":"https:\/\/iessanguesa.educacion.navarra.es\/web1\/wp-json\/wp\/v2\/comments?post=4403"}],"version-history":[{"count":1,"href":"https:\/\/iessanguesa.educacion.navarra.es\/web1\/wp-json\/wp\/v2\/pages\/4403\/revisions"}],"predecessor-version":[{"id":4404,"href":"https:\/\/iessanguesa.educacion.navarra.es\/web1\/wp-json\/wp\/v2\/pages\/4403\/revisions\/4404"}],"wp:attachment":[{"href":"https:\/\/iessanguesa.educacion.navarra.es\/web1\/wp-json\/wp\/v2\/media?parent=4403"}],"curies":[{"name":"wp","href":"https:\/\/api.w.org\/{rel}","templated":true}]}}