{"id":400,"date":"2016-09-13T11:30:21","date_gmt":"2016-09-13T09:30:21","guid":{"rendered":"http:\/\/iessanguesa.educacion.navarra.es\/web1\/?page_id=400"},"modified":"2016-09-23T17:15:51","modified_gmt":"2016-09-23T15:15:51","slug":"nuestro-centro","status":"publish","type":"page","link":"https:\/\/iessanguesa.educacion.navarra.es\/web1\/nuestro-centro\/","title":{"rendered":"Nuestro centro"},"content":{"rendered":"<p>Esta es la p\u00e1gina del IES &#8220;Sierra de Leyre&#8221; de Sang\u00fcesa. Aqu\u00ed tienes el mapa de nuestro centro en Google Maps.<\/p>\n<p><iframe loading=\"lazy\" style=\"border: 0;\" src=\"https:\/\/www.google.com\/maps\/embed?pb=!1m18!1m12!1m3!1d1497.8102335500434!2d-1.282921440962146!3d42.577593100136475!2m3!1f0!2f0!3f0!3m2!1i1024!2i768!4f13.1!3m3!1m2!1s0xd50aa2e90d6b545%3A0xbc208ecf4e3fcb7f!2sInstituto+de+Educaci%C3%B3n+Secundaria+Ies+Sierra+de+Leyre!5e1!3m2!1ses!2ses!4v1473758966773\" width=\"660\" height=\"600\" frameborder=\"0\" allowfullscreen=\"allowfullscreen\"><\/iframe><\/p>\n","protected":false},"excerpt":{"rendered":"<p>Esta es la p\u00e1gina del IES &#8220;Sierra de Leyre&#8221; de Sang\u00fcesa. Aqu\u00ed tienes el mapa de nuestro centro en Google Maps.<\/p>\n","protected":false},"author":1,"featured_media":0,"parent":0,"menu_order":0,"comment_status":"closed","ping_status":"closed","template":"","meta":{"_genesis_hide_title":false,"_genesis_hide_breadcrumbs":false,"_genesis_hide_singular_image":false,"_genesis_hide_footer_widgets":false,"_genesis_custom_body_class":"","_genesis_custom_post_class":"","_genesis_layout":""},"_links":{"self":[{"href":"https:\/\/iessanguesa.educacion.navarra.es\/web1\/wp-json\/wp\/v2\/pages\/400"}],"collection":[{"href":"https:\/\/iessanguesa.educacion.navarra.es\/web1\/wp-json\/wp\/v2\/pages"}],"about":[{"href":"https:\/\/iessanguesa.educacion.navarra.es\/web1\/wp-json\/wp\/v2\/types\/page"}],"author":[{"embeddable":true,"href":"https:\/\/iessanguesa.educacion.navarra.es\/web1\/wp-json\/wp\/v2\/users\/1"}],"replies":[{"embeddable":true,"href":"https:\/\/iessanguesa.educacion.navarra.es\/web1\/wp-json\/wp\/v2\/comments?post=400"}],"version-history":[{"count":3,"href":"https:\/\/iessanguesa.educacion.navarra.es\/web1\/wp-json\/wp\/v2\/pages\/400\/revisions"}],"predecessor-version":[{"id":509,"href":"https:\/\/iessanguesa.educacion.navarra.es\/web1\/wp-json\/wp\/v2\/pages\/400\/revisions\/509"}],"wp:attachment":[{"href":"https:\/\/iessanguesa.educacion.navarra.es\/web1\/wp-json\/wp\/v2\/media?parent=400"}],"curies":[{"name":"wp","href":"https:\/\/api.w.org\/{rel}","templated":true}]}}