{"id":2187,"date":"2019-02-25T17:39:19","date_gmt":"2019-02-25T16:39:19","guid":{"rendered":"https:\/\/iessanguesa.educacion.navarra.es\/web1\/?page_id=2187"},"modified":"2022-05-23T11:48:09","modified_gmt":"2022-05-23T09:48:09","slug":"profesorado-febrero","status":"publish","type":"page","link":"https:\/\/iessanguesa.educacion.navarra.es\/web1\/profesorado-febrero\/","title":{"rendered":"Profesorado"},"content":{"rendered":"\n<p>El Claustro de Profesores, como \u00f3rgano de participaci\u00f3n del profesorado en el Instituto, tiene la responsabilidad de planificar, coordinar, decidir e informar sobre los aspectos docentes.<\/p>\n\n\n\n<p>Los profesores, de acuerdo con las materias que impartimos, pertenecemos a los diferentes Departamentos did\u00e1cticos, existiendo en cada Departamento un Jefe como responsable del mismo.<\/p>\n\n\n\n<div class=\"wp-block-columns has-2-columns\">\n<div class=\"wp-block-column\">\n<h2 id=\"dep-biologia-y-geologia\">Dep. Biolog\u00eda y Geolog\u00eda<\/h2>\n\n\n\n<ul><li>Miguel Munarriz Ruiz ( JD)<\/li><li>Sergio Larri\u00f3n Echarri<\/li><li>Gil Ram\u00edrez, Yolanda Teresa<\/li><\/ul>\n\n\n\n<h2 id=\"dep-educacion-fisica\">Dep. Educaci\u00f3n F\u00edsica<\/h2>\n\n\n\n<ul><li>Cristina Gancedo Pazos sust. por Vanesa Ramos Est\u00e9vez<\/li><li>M\u00aa Pilar L\u00f3pez Monta\u00f1\u00e9s ( JD)<\/li><\/ul>\n\n\n\n<h2 id=\"dep-educacion-fisica\">Dep. Filosof\u00eda<\/h2>\n\n\n\n<ul><li>Vicky Lumbier Echeverr\u00eda (JD)<\/li><li>Mar\u00eda In\u00e9s Calvo de Miguel sust. por Mikel Laguna Bueno.<\/li><\/ul>\n\n\n\n<h2 id=\"dep-educacion-fisica\">Dep. F\u00edsica y Qu\u00edmica<\/h2>\n\n\n\n<ul><li>Amaya Abenda\u00f1o Oiza&nbsp; (JD) <\/li><li>Bego\u00f1a Dom\u00ednguez Bueno<\/li><li>Luc\u00eda V\u00e1zquez Yoldi<\/li><\/ul>\n\n\n\n<h2 id=\"dep-frances\">Dep. Franc\u00e9s<\/h2>\n\n\n\n<ul><li>Lourdes Luquin Luquin( JD ) <\/li><li>Sonia Segura Sanz<\/li><\/ul>\n\n\n\n<h2 id=\"dep-geografia-e-historia\">Dep. Geograf\u00eda e Historia<\/h2>\n\n\n\n<ul><li>Juan Pedro Pedroarena Espinal<\/li><li>Cristina Gil Hern\u00e1ndez<\/li><li>Fco. Javier Amador Criado<\/li><li>Lourdes Legaristi Uroz ( JD)<\/li><\/ul>\n\n\n\n<h2 id=\"dep-musica\">Dep. M\u00fasica<\/h2>\n\n\n\n<ul><li>Alejandro Andreu Simancas (J.D ) sust. por Ana Corroza Senosiain<\/li><li>Jos\u00e9 Luis Arriezu Vera<\/li><\/ul>\n\n\n\n<h2 id=\"dep-orientacion\">Dep. Orientaci\u00f3n<\/h2>\n\n\n\n<ul><li>Lourdes Baigorri Alegre<\/li><li>Rita Vidal Moreno (JD)<\/li><li>Natalia Ardanaz Yunta<\/li><li>Laura Garc\u00e9s Lozano sust. por Delia Del Campo<\/li><li>M\u00f3nica Eceolaza Ezcurra<\/li><li>Maialen Uriz Sorbet<\/li><\/ul>\n\n\n\n<h2 id=\"economia\">Promotora Escolar<\/h2>\n\n\n\n<ul><li>Tamar Sarvide Plano<\/li><\/ul>\n<\/div>\n\n\n\n<div class=\"wp-block-column\">\n<h2 id=\"dep-ingles\">Dep. Ingl\u00e9s<\/h2>\n\n\n\n<ul><li>Laura Pinillos Mangado<\/li><li>Mar\u00eda Trujillo Herrero<\/li><li>Leire Orduna Abad\u00edas (JD) <\/li><li>Rafael Ochoa Ruiz<\/li><\/ul>\n\n\n\n<h2 id=\"dep-dibujo\">Dep. Dibujo<\/h2>\n\n\n\n<ul><li>Eva Art\u00e1zcoz Morant&nbsp; (JD) <\/li><li>Mar\u00eda Aizkorbe Mombiela<\/li><\/ul>\n\n\n\n<h2 id=\"dep-latin-y-griego\">Dep. Lat\u00edn y Griego<\/h2>\n\n\n\n<ul><li>Mar\u00eda Irisarri Quesada (JD)<\/li><li>Fernando Su\u00e1rez Campal<\/li><\/ul>\n\n\n\n<h2 id=\"dep-lengua-castellana-y-literatura\">Dep. Lengua Castellana y Literatura<\/h2>\n\n\n\n<ul><li>Cristina Orduna Murillo<\/li><li>Concepci\u00f3n Labarta Solano  <\/li><li>Isabel Mart\u00ednez-Fort\u00fan Alonso<\/li><li>M\u00aa Monserrat Casorran Berges<\/li><li>Virginia Los Arcos Garc\u00eda (JD)<\/li><\/ul>\n\n\n\n<h2 id=\"dep-lengua-vasca-y-literatura\">Dep. Lengua Vasca y Literatura<\/h2>\n\n\n\n<ul><li>Rafael Blanco Arbe (JD)<\/li><li>Iera Aramburu Alonso<\/li><\/ul>\n\n\n\n<h2 id=\"dep-matematicas\">Dep. Matem\u00e1ticas<\/h2>\n\n\n\n<ul><li>Beatriz Apestegu\u00eda Go\u00f1i (JD)<\/li><li>Matthieu Courgeon<\/li><li>Laura Garc\u00eda Castro <\/li><li>Laura Ib\u00e1\u00f1ez Sola<\/li><li>Merche Ib\u00e1\u00f1ez Sola<\/li><\/ul>\n\n\n\n<h2 id=\"dep-religion\">Dep. Religi\u00f3n<\/h2>\n\n\n\n<ul><li>Blanca S\u00e1nchez Huarte (JD) sust. por Sandy L\u00f3pez<\/li><li>\u00c1gueda Garc\u00eda Hern\u00e1ndez<\/li><\/ul>\n\n\n\n<h2 id=\"dep-tecnologia\">Dep. Tecnolog\u00eda<\/h2>\n\n\n\n<ul><li>Fco. Javier Bandr\u00e9s Larraz\u00a0 (JD) <\/li><li>C\u00e9sar Rodrigo Mateo<\/li><li>Marta Carlos Carrasquilla<\/li><\/ul>\n\n\n\n<h2 id=\"economia\">Econom\u00eda<\/h2>\n\n\n\n<ul><li>Ferm\u00edn Fernandez Illana (JD)<\/li><\/ul>\n\n\n\n<p><\/p>\n<\/div>\n<\/div>\n","protected":false},"excerpt":{"rendered":"<p>El Claustro de Profesores, como \u00f3rgano de participaci\u00f3n del profesorado en el Instituto, tiene la responsabilidad de planificar, coordinar, decidir e informar sobre los aspectos docentes. Los profesores, de acuerdo con las materias que impartimos, pertenecemos a los diferentes Departamentos did\u00e1cticos, existiendo en cada Departamento un Jefe como responsable del mismo. Dep. Biolog\u00eda y Geolog\u00eda [&hellip;]<\/p>\n","protected":false},"author":1,"featured_media":0,"parent":0,"menu_order":0,"comment_status":"closed","ping_status":"closed","template":"","meta":{"_genesis_hide_title":false,"_genesis_hide_breadcrumbs":false,"_genesis_hide_singular_image":false,"_genesis_hide_footer_widgets":false,"_genesis_custom_body_class":"","_genesis_custom_post_class":"","_genesis_layout":""},"_links":{"self":[{"href":"https:\/\/iessanguesa.educacion.navarra.es\/web1\/wp-json\/wp\/v2\/pages\/2187"}],"collection":[{"href":"https:\/\/iessanguesa.educacion.navarra.es\/web1\/wp-json\/wp\/v2\/pages"}],"about":[{"href":"https:\/\/iessanguesa.educacion.navarra.es\/web1\/wp-json\/wp\/v2\/types\/page"}],"author":[{"embeddable":true,"href":"https:\/\/iessanguesa.educacion.navarra.es\/web1\/wp-json\/wp\/v2\/users\/1"}],"replies":[{"embeddable":true,"href":"https:\/\/iessanguesa.educacion.navarra.es\/web1\/wp-json\/wp\/v2\/comments?post=2187"}],"version-history":[{"count":62,"href":"https:\/\/iessanguesa.educacion.navarra.es\/web1\/wp-json\/wp\/v2\/pages\/2187\/revisions"}],"predecessor-version":[{"id":4306,"href":"https:\/\/iessanguesa.educacion.navarra.es\/web1\/wp-json\/wp\/v2\/pages\/2187\/revisions\/4306"}],"wp:attachment":[{"href":"https:\/\/iessanguesa.educacion.navarra.es\/web1\/wp-json\/wp\/v2\/media?parent=2187"}],"curies":[{"name":"wp","href":"https:\/\/api.w.org\/{rel}","templated":true}]}}