{"id":1572,"date":"2017-11-30T12:00:38","date_gmt":"2017-11-30T11:00:38","guid":{"rendered":"http:\/\/iessanguesa.educacion.navarra.es\/web1\/?page_id=1572"},"modified":"2023-10-03T13:23:24","modified_gmt":"2023-10-03T11:23:24","slug":"apyma","status":"publish","type":"page","link":"https:\/\/iessanguesa.educacion.navarra.es\/web1\/apyma\/","title":{"rendered":"APYMA"},"content":{"rendered":"<p>La APYMA del IES Sierra de Leyre est\u00e1 a vuestra disposici\u00f3n para recoger todas las propuestas e ideas que sirvan para mejorar el buen funcionamiento del centro. Tambi\u00e9n para defender nuestros derechos y participar dentro de los \u00f3rganos de gesti\u00f3n y decisi\u00f3n del centro mediante el Consejo Escolar. Actualmente los representantes de la APYMA somos:<\/p>\n<p>Presidente: Fem\u00edn Javier San Mart\u00edn Amor<\/p>\n<p>Vicepresidente: Jes\u00fas Mari Os\u00e9s Larra\u00f1eta<\/p>\n<p>Secretario: Carmen P\u00e9rez de Ciriza Santesteban<\/p>\n<p>Tesorero: Jose Mar\u00eda D\u00edez Sim\u00f3n.<\/p>\n<p>Vocales: Natalia Labairu Gambari y Mar\u00eda Concepci\u00f3n Alam\u00e1n Abad\u00eda.<\/p>\n<p>Contacto: iessan.apyma@educacion.navarra.es<\/p>\n<p><strong>INSCRIPCI\u00d3N DE NUEVOS SOCIOS:<\/strong><\/p>\n<p>Abierta todo el a\u00f1o. La cuota es de 12 \u20ac por familia y curso. Da derecho a:<\/p>\n<ul>\n<li>Recibir notificaciones de la asociaci\u00f3n directamente en el correo electr\u00f3nico o WhatsApp.<\/li>\n<li>Participar activamente en la vida de la asociaci\u00f3n.<\/li>\n<li>Participar en las Asambleas con voz y voto.<\/li>\n<li>Recibir las ayudas y co-pagos que sean acordados por cada hijo.<\/li>\n<\/ul>\n<p>Puedes inscribirte de dos formas:<\/p>\n<ol>\n<li>Entregando\u00a0\u00a0<a href=\"https:\/\/drive.google.com\/file\/d\/1zXBQMzmB5DIFJpTQFy9IuAeBsA3Ul-5Q\/view?usp=drive_link\" target=\"_blank\" rel=\"noopener\">la ficha de inscripci\u00f3n<\/a> en Conserjer\u00eda o en el buz\u00f3n de la APYMA.<\/li>\n<li>Llamando al n\u00famero de tel\u00e9fono de la APYMA : 34 649 636 079<\/li>\n<\/ol>\n<p>El socio que quiera recibir informaci\u00f3n, que a\u00f1ada el n\u00famero de tel\u00e9fono\u00a0 y mande un\u00a0 WhatsApp diciendo que quiere recibir informaci\u00f3n de la\u00a0 APYMA<\/p>\n<p><strong>ENLACES DE INTER\u00c9S:<\/strong><\/p>\n<p>Federaci\u00f3n de Asociaciones de Padres y Madres del alumnado de Navarra<\/p>\n<p><a href=\"http:\/\/herrikoa.org\/\" target=\"_blank\" rel=\"noopener noreferrer\">Herrikoa<\/a><\/p>\n","protected":false},"excerpt":{"rendered":"<p>La APYMA del IES Sierra de Leyre est\u00e1 a vuestra disposici\u00f3n para recoger todas las propuestas e ideas que sirvan para mejorar el buen funcionamiento del centro. Tambi\u00e9n para defender nuestros derechos y participar dentro de los \u00f3rganos de gesti\u00f3n y decisi\u00f3n del centro mediante el Consejo Escolar. Actualmente los representantes de la APYMA somos: [&hellip;]<\/p>\n","protected":false},"author":1,"featured_media":0,"parent":0,"menu_order":0,"comment_status":"closed","ping_status":"closed","template":"","meta":{"_genesis_hide_title":false,"_genesis_hide_breadcrumbs":false,"_genesis_hide_singular_image":false,"_genesis_hide_footer_widgets":false,"_genesis_custom_body_class":"","_genesis_custom_post_class":"","_genesis_layout":""},"_links":{"self":[{"href":"https:\/\/iessanguesa.educacion.navarra.es\/web1\/wp-json\/wp\/v2\/pages\/1572"}],"collection":[{"href":"https:\/\/iessanguesa.educacion.navarra.es\/web1\/wp-json\/wp\/v2\/pages"}],"about":[{"href":"https:\/\/iessanguesa.educacion.navarra.es\/web1\/wp-json\/wp\/v2\/types\/page"}],"author":[{"embeddable":true,"href":"https:\/\/iessanguesa.educacion.navarra.es\/web1\/wp-json\/wp\/v2\/users\/1"}],"replies":[{"embeddable":true,"href":"https:\/\/iessanguesa.educacion.navarra.es\/web1\/wp-json\/wp\/v2\/comments?post=1572"}],"version-history":[{"count":5,"href":"https:\/\/iessanguesa.educacion.navarra.es\/web1\/wp-json\/wp\/v2\/pages\/1572\/revisions"}],"predecessor-version":[{"id":4931,"href":"https:\/\/iessanguesa.educacion.navarra.es\/web1\/wp-json\/wp\/v2\/pages\/1572\/revisions\/4931"}],"wp:attachment":[{"href":"https:\/\/iessanguesa.educacion.navarra.es\/web1\/wp-json\/wp\/v2\/media?parent=1572"}],"curies":[{"name":"wp","href":"https:\/\/api.w.org\/{rel}","templated":true}]}}