{"id":1163,"date":"2017-06-07T13:13:26","date_gmt":"2017-06-07T11:13:26","guid":{"rendered":"http:\/\/iessanguesa.educacion.navarra.es\/web1\/?page_id=1163"},"modified":"2019-12-18T11:09:02","modified_gmt":"2019-12-18T10:09:02","slug":"sqr-2","status":"publish","type":"page","link":"https:\/\/iessanguesa.educacion.navarra.es\/web1\/sqr-2\/","title":{"rendered":"SQRA"},"content":{"rendered":"<p>A trav\u00e9s de este formulario nuestro centro pone a tu disposici\u00f3n un medio de comunicaci\u00f3n para presentar tu opini\u00f3n. Esto nos ayudar\u00e1 a mejorar. Tenemos el compromiso de responderte en un plazo inferior a 15 d\u00edas lectivos.<\/p>\n<p>Para presentar tu Sugerencia, Queja, Reclamaci\u00f3n o Agradecimiento (SQRA) clica en \u00a0formulario y pulsa &#8220;Enviar&#8221;.<\/p>\n<p><a href=\"https:\/\/docs.google.com\/forms\/d\/e\/1FAIpQLSehft3FiZlfMCWI9JT8Wf18o9hw7pu42znXKcFzq2xns-ojIA\/viewform\" target=\"_blank\" rel=\"noopener noreferrer\">Formulario de Sugerencia, Queja, Reclamaci\u00f3n o Agradecimiento.<\/a><\/p>\n<p>Los datos personales que indiques se utilizar\u00e1n exclusivamente a efectos de ofrecer respuesta a tu SQRA. Estos datos se introducir\u00e1n en una base de datos confidencial de SQRA del centro. Tienes derecho de acceso, rectificaci\u00f3n, cancelaci\u00f3n y oposici\u00f3n de la misma. El responsable final de estos datos es el IES Sierra de Leyre (Sang\u00fcesa) y cumplir\u00e1 con la Ley Org\u00e1nica 15\/1999, de 13 de diciembre, de Protecci\u00f3n de Datos de Car\u00e1cter Personal.<\/p>\n","protected":false},"excerpt":{"rendered":"<p>A trav\u00e9s de este formulario nuestro centro pone a tu disposici\u00f3n un medio de comunicaci\u00f3n para presentar tu opini\u00f3n. Esto nos ayudar\u00e1 a mejorar. Tenemos el compromiso de responderte en un plazo inferior a 15 d\u00edas lectivos. Para presentar tu Sugerencia, Queja, Reclamaci\u00f3n o Agradecimiento (SQRA) clica en \u00a0formulario y pulsa &#8220;Enviar&#8221;. Formulario de Sugerencia, [&hellip;]<\/p>\n","protected":false},"author":1,"featured_media":0,"parent":0,"menu_order":0,"comment_status":"closed","ping_status":"closed","template":"","meta":{"_genesis_hide_title":false,"_genesis_hide_breadcrumbs":false,"_genesis_hide_singular_image":false,"_genesis_hide_footer_widgets":false,"_genesis_custom_body_class":"","_genesis_custom_post_class":"","_genesis_layout":""},"_links":{"self":[{"href":"https:\/\/iessanguesa.educacion.navarra.es\/web1\/wp-json\/wp\/v2\/pages\/1163"}],"collection":[{"href":"https:\/\/iessanguesa.educacion.navarra.es\/web1\/wp-json\/wp\/v2\/pages"}],"about":[{"href":"https:\/\/iessanguesa.educacion.navarra.es\/web1\/wp-json\/wp\/v2\/types\/page"}],"author":[{"embeddable":true,"href":"https:\/\/iessanguesa.educacion.navarra.es\/web1\/wp-json\/wp\/v2\/users\/1"}],"replies":[{"embeddable":true,"href":"https:\/\/iessanguesa.educacion.navarra.es\/web1\/wp-json\/wp\/v2\/comments?post=1163"}],"version-history":[{"count":6,"href":"https:\/\/iessanguesa.educacion.navarra.es\/web1\/wp-json\/wp\/v2\/pages\/1163\/revisions"}],"predecessor-version":[{"id":2868,"href":"https:\/\/iessanguesa.educacion.navarra.es\/web1\/wp-json\/wp\/v2\/pages\/1163\/revisions\/2868"}],"wp:attachment":[{"href":"https:\/\/iessanguesa.educacion.navarra.es\/web1\/wp-json\/wp\/v2\/media?parent=1163"}],"curies":[{"name":"wp","href":"https:\/\/api.w.org\/{rel}","templated":true}]}}